{"id":11,"date":"2021-05-20T18:54:38","date_gmt":"2021-05-20T18:54:38","guid":{"rendered":"https:\/\/zascitazaprste.opa-resitve.si\/?page_id=11"},"modified":"2021-07-09T10:45:50","modified_gmt":"2021-07-09T10:45:50","slug":"zascita-za-prste","status":"publish","type":"page","link":"https:\/\/zascitazaprste.opa-resitve.si\/","title":{"rendered":"Za\u0161\u010dita za prste"},"content":{"rendered":"<p>[et_pb_section fb_built=&#8221;1&#8243; _builder_version=&#8221;4.7.4&#8243; _module_preset=&#8221;default&#8221;][et_pb_row _builder_version=&#8221;4.7.4&#8243; _module_preset=&#8221;default&#8221;][et_pb_column type=&#8221;4_4&#8243; _builder_version=&#8221;4.7.4&#8243; _module_preset=&#8221;default&#8221;][et_pb_text _builder_version=&#8221;4.7.4&#8243; _module_preset=&#8221;default&#8221; text_font=&#8221;Montserrat||||||||&#8221; header_font=&#8221;Montserrat|700|||||||&#8221; custom_margin=&#8221;20px||||false|false&#8221;]<\/p>\n<h1 style=\"text-align: center;\">ZA\u0160\u010cITA ZA PRSTE<\/h1>\n<p style=\"text-align: center;\">Za ponudbo izpolnite podatke v spodnjem informativnem izra\u010dunu ter kontaktnem obrazcu .<\/p>\n<p>[\/et_pb_text][\/et_pb_column][\/et_pb_row][et_pb_row _builder_version=&#8221;4.7.4&#8243; _module_preset=&#8221;default&#8221;][et_pb_column type=&#8221;4_4&#8243; _builder_version=&#8221;4.7.4&#8243; _module_preset=&#8221;default&#8221;][et_pb_code _builder_version=&#8221;4.7.4&#8243; _module_preset=&#8221;default&#8221;]<form id=\"opa\" action=\"#\" method=\"post\" class=\"cost-calculator-container cost-calculator-form\"><div class=\"vc_row wpb_row vc_row-fluid cost-calculator-row\"><div class=\"wpb_column vc_column_container cost-calculator-column vc_col-sm-6\"><div class=\"vc_column-inner\"><div class=\"wpb_wrapper\"><div class=\"cost-calculator-box cost-calculator-clearfix\"><label>VRATA<\/label>\r\n\t\t<input type=\"hidden\" name=\"vrata-label\" value=\"VRATA\"><select name=\"vrata\" id=\"vrata\" class=\"cost-calculator-cost-dropdown\"><option value=\"\" selected=\"selected\">Izberite...<\/option><option value=\"60\">Zunanja vrata<\/option><option value=\"50\">Notranja vrata<\/option><\/select><input type=\"hidden\" class=\"vrata\" id=\"vrata-name\" name=\"vrata-name\" value=\"Izberite...\">\r\n\t<\/div><\/div><\/div><\/div><div class=\"wpb_column vc_column_container cost-calculator-column vc_col-sm-6\"><div class=\"vc_column-inner\"><div class=\"wpb_wrapper\"><div class=\"cost-calculator-box cost-calculator-clearfix\"><label>KOT ODPIRANJA<\/label>\r\n\t\t<input type=\"hidden\" name=\"kot-odpiranja-label\" value=\"KOT ODPIRANJA\"><select name=\"kot-odpiranja\" id=\"kot-odpiranja\" class=\"cost-calculator-cost-dropdown\"><option value=\"\" selected=\"selected\">Izberite...<\/option><option value=\"5\">120 - 180\u00b0<\/option><option value=\"0\">90 - 110\u00b0<\/option><\/select><input type=\"hidden\" class=\"kot-odpiranja\" id=\"kot-odpiranja-name\" name=\"kot-odpiranja-name\" value=\"Izberite...\">\r\n\t<\/div><\/div><\/div><\/div><\/div><div class=\"vc_row wpb_row vc_row-fluid cost-calculator-row margin-top-10\"><div class=\"wpb_column vc_column_container cost-calculator-column vc_col-sm-6\"><div class=\"vc_column-inner\"><div class=\"wpb_wrapper\"><div class=\"cost-calculator-box cost-calculator-clearfix\"><label>VI\u0160INA<\/label>\r\n\t\t<input type=\"hidden\" name=\"visina-label\" value=\"VI\u0160INA\"><select name=\"visina\" id=\"visina\" class=\"cost-calculator-cost-dropdown\"><option value=\"\" selected=\"selected\">Izberi<\/option><option value=\"0\">120 cm<\/option><option value=\"9\">150 cm<\/option><option value=\"31\">200 cm<\/option><\/select><input type=\"hidden\" class=\"visina\" id=\"visina-name\" name=\"visina-name\" value=\"Izberi\">\r\n\t<\/div><\/div><\/div><\/div><div class=\"wpb_column vc_column_container cost-calculator-column vc_col-sm-6\"><div class=\"vc_column-inner\"><div class=\"wpb_wrapper\"><div class=\"cost-calculator-box cost-calculator-clearfix\"><label for=\"input-box\">Koli\u010dina<\/label><input type=\"hidden\" name=\"input-box-label\" value=\"Koli\u010dina\"><input id=\"input-box\" class=\"cost-calculator-cost-slider-input type-number cost-calculator-big\" name=\"input-box\" type=\"number\" value=\"1\" data-value=\"1\">\r\n\t\t<\/div><\/div><\/div><\/div><\/div><div class=\"vc_row wpb_row vc_row-fluid cost-calculator-row margin-top-10\"><div class=\"wpb_column vc_column_container cost-calculator-column vc_col-sm-6\"><div class=\"vc_column-inner\"><div class=\"wpb_wrapper\"><div class=\"cost-calculator-box cost-calculator-clearfix\"><label>BARVA (odtenki barv so prikazani na dnu strani)<\/label>\r\n\t\t<input type=\"hidden\" name=\"barva-label\" value=\"BARVA (odtenki barv so prikazani na dnu strani)\"><select name=\"barva\" id=\"barva\" class=\"cost-calculator-cost-dropdown\"><option value=\"\" selected=\"selected\">Izberite barvo<\/option><option value=\"\">MP 207X717 (\u010drna)<\/option><option value=\"\">MP 207X1566 (temno siva)<\/option><option value=\"\">MP 207X2396 (svetlo siva)<\/option><option value=\"\">MP 208X2203 (bela)<\/option><option value=\"\">MP 207X2798 (temno modra)<\/option><option value=\"\">MP 208X2389 (svetlo modra)<\/option><option value=\"\">MP 208X2394 (zelena)<\/option><option value=\"\">MP 208X2388 (rumena)<\/option><option value=\"\">MP 208X1241 (be\u017e)<\/option><option value=\"\">MP 207X1270 (svetlo rjava)<\/option><option value=\"\">MP 207X1272 (rjava)<\/option><option value=\"\">MP 207X2792 (temno rjava)<\/option><\/select><input type=\"hidden\" class=\"barva\" id=\"barva-name\" name=\"barva-name\" value=\"Izberite barvo\">\r\n\t<\/div><\/div><\/div><\/div><div class=\"wpb_column vc_column_container cost-calculator-column vc_col-sm-3\"><div class=\"vc_column-inner\"><div class=\"wpb_wrapper\"><div class=\"cost-calculator-box cost-calculator-clearfix\"><label>MONTA\u017dA<\/label>\r\n\t\t<input type=\"hidden\" name=\"montaza-label\" value=\"MONTA\u017dA\"><select name=\"montaza\" id=\"montaza\" class=\"cost-calculator-cost-dropdown\"><option value=\"\" selected=\"selected\">\u017delite monta\u017eo?<\/option><option value=\"6\">Da<\/option><option value=\"0\">Ne<\/option><\/select><input type=\"hidden\" class=\"montaza\" id=\"montaza-name\" name=\"montaza-name\" value=\"\u017delite monta\u017eo?\">\r\n\t<\/div><\/div><\/div><\/div><div class=\"wpb_column vc_column_container cost-calculator-column vc_col-sm-3\"><div class=\"vc_column-inner\"><div class=\"wpb_wrapper\"><div class=\"cost-calculator-box cost-calculator-clearfix\"><label>DOSTAVA*<\/label><label for=\"dostava\" class=\"cost-calculator-switch\">\n\t\t\t\t\t<input type=\"hidden\" name=\"dostava-label\" value=\"DOSTAVA*\">\n\t\t\t\t\t<input id=\"dostava\" type=\"checkbox\" class=\"cost-calculator-cost-slider-input type-checkbox\" name=\"dostava\" value=\"0\" data-value=\"\">\n\t\t\t\t\t<span class=\"cost-calculator-switch-slider\" data-yes=\"Da\" data-no=\"Ne\"><\/span>\n\t\t\t\t\t<input type=\"hidden\" class=\"dostava\" name=\"dostava-name\" value=\"Ne\" data-yes=\"Da\" data-no=\"Ne\">\n\t\t\t\t<\/label>\n\t\t\t<\/div><\/div><\/div><\/div><\/div><div class=\"vc_row wpb_row vc_row-fluid cost-calculator-row margin-top-10; cost-calculator-align-center\"><div class=\"wpb_column vc_column_container cost-calculator-column vc_col-sm-6\"><div class=\"vc_column-inner\"><div class=\"wpb_wrapper\"><h2 style=\"text-align: right;\">INFORMATIVNI IZRA\u010cUN<\/h2><h4 style=\"text-align: right;\">*DOSTAVA<\/h4><p style=\"text-align: right;\">ni vklju\u010dena v ceno in bo izra\u010dunana po oddanem povpra\u0161evanju.<\/p><\/div><\/div><\/div><div class=\"wpb_column vc_column_container cost-calculator-column vc_col-sm-6\"><div class=\"vc_column-inner\"><div class=\"wpb_wrapper\"><div class=\"cost-calculator-box cost-calculator-summary-box cost-calculator-clearfix cost-calculator-align-center\">\r\n\t\t<span class=\"cost-calculator-summary-price\" id=\"monthly-payment\">0.00<span class=\"cost-calculator-currency\">\u20ac<\/span><\/span><input type=\"hidden\" id=\"monthly-payment-total\" name=\"monthly-payment\" value=\"0.00\u20ac\">\r\n\t<input type=\"hidden\" id=\"monthly-payment-total-value\" name=\"monthly-payment-value\" value=\"0\">\r\n\t<input type=\"hidden\" name=\"monthly-payment-summarylabel\" value=\"Total cost: \">\r\n\t<\/div><\/div><\/div><\/div><\/div><div class=\"vc_row wpb_row vc_row-fluid cost-calculator-row margin-top-10\"><div class=\"wpb_column vc_column_container cost-calculator-column vc_col-sm-12\"><div class=\"vc_column-inner\"><div class=\"wpb_wrapper\"><div class=\"vc_row wpb_row vc_inner cost-calculator-contact-box\"><div class=\"vc_row wpb_row vc_inner\"><label>KONTAKTNI PODATKI<\/label><\/div><div class=\"vc_row wpb_row vc_inner cost-calculator-flex-box\"><fieldset class=\"vc_col-sm-6 wpb_column vc_column_container\">\r\n\t\t\t<div class=\"cost-calculator-block\">\r\n\t\t\t\t\r\n\t\t\t\t<input name=\"name\" type=\"text\" value=\"\" data-required=\"1\" placeholder=\"Ime in priimek oz. podjetje*\">\r\n\t\t\t<\/div>\r\n\t\t\t<div class=\"cost-calculator-block\">\r\n\t\t\t\t\r\n\t\t\t\t<input name=\"email\" type=\"text\" value=\"\" data-required=\"1\" placeholder=\"Email*\">\r\n\t\t\t<\/div>\r\n\t\t\t<div class=\"cost-calculator-block\">\r\n\t\t\t\t\r\n\t\t\t\t<input name=\"phone\" type=\"text\" value=\"\" placeholder=\"Telefon\">\r\n\t\t\t<\/div>\r\n\t\t<\/fieldset>\r\n\t\t<fieldset class=\"vc_col-sm-6 wpb_column vc_column_container\">\r\n\t\t\t<div class=\"cost-calculator-block cost-calculator-textarea-block\">\r\n\t\t\t\t\r\n\t\t\t\t<textarea name=\"message\" placeholder=\"Dodatna vpra\u0161anja ali komentarji\"><\/textarea>\r\n\t\t\t<\/div>\r\n\t\t<\/fieldset><\/div><\/div>\r\n\t<div class=\"vc_row wpb_row vc_inner cost-calculator-contact-box-submit-container\"><input type=\"hidden\" name=\"action\" value=\"cost_calculator_form\">\r\n\t\t<input type=\"hidden\" name=\"type\" value=\"calculator\"><div class=\"cost-calculator-terms-container cost-calculator-block\">\r\n\t\t\t<input type=\"checkbox\" name=\"terms\" id=\"terms\" value=\"1\"><label for=\"terms\">Strinjam se s <a href=\"https:\/\/opa-resitve.si\/politika-zasebnosti\/\" target=\"_blank\">splo\u0161nimi pogoji.<\/a><\/label>\r\n\t\t<\/div><div class=\"vc_row wpb_row vc_inner\">\r\n\t\t\t<a class=\"cost-calculator-more cost-calculator-submit-form\" href=\"#cost-calculator-submit\" title=\"PO\u0160LJI POVPRA\u0160EVANJE\"><span>PO\u0160LJI POVPRA\u0160EVANJE<\/span><\/a>\r\n\t\t<\/div><\/div><\/div><\/div><\/div><\/div><\/form>[\/et_pb_code][\/et_pb_column][\/et_pb_row][et_pb_row _builder_version=&#8221;4.7.4&#8243; _module_preset=&#8221;default&#8221;][et_pb_column type=&#8221;4_4&#8243; _builder_version=&#8221;4.7.4&#8243; _module_preset=&#8221;default&#8221;][et_pb_text _builder_version=&#8221;4.7.4&#8243; _module_preset=&#8221;default&#8221; header_font=&#8221;Montserrat|700|||||||&#8221;]<\/p>\n<h1 style=\"text-align: center;\">IZBIRA BARV<\/h1>\n<p>[\/et_pb_text][et_pb_image src=&#8221;https:\/\/zascitazaprste.opa-resitve.si\/wp-content\/uploads\/2021\/07\/usnje_barve.png&#8221; title_text=&#8221;usnje_barve&#8221; _builder_version=&#8221;4.7.4&#8243; _module_preset=&#8221;default&#8221; hover_enabled=&#8221;0&#8243; sticky_enabled=&#8221;0&#8243;][\/et_pb_image][\/et_pb_column][\/et_pb_row][\/et_pb_section]<\/p>\n","protected":false},"excerpt":{"rendered":"<p>[et_pb_section fb_built=&#8221;1&#8243; _builder_version=&#8221;4.7.4&#8243; _module_preset=&#8221;default&#8221;][et_pb_row _builder_version=&#8221;4.7.4&#8243; _module_preset=&#8221;default&#8221;][et_pb_column type=&#8221;4_4&#8243; _builder_version=&#8221;4.7.4&#8243; _module_preset=&#8221;default&#8221;][et_pb_text _builder_version=&#8221;4.7.4&#8243; _module_preset=&#8221;default&#8221; text_font=&#8221;Montserrat||||||||&#8221; header_font=&#8221;Montserrat|700|||||||&#8221; custom_margin=&#8221;20px||||false|false&#8221;] ZA\u0160\u010cITA ZA PRSTE Za ponudbo izpolnite podatke v spodnjem informativnem izra\u010dunu ter kontaktnem obrazcu . [\/et_pb_text][\/et_pb_column][\/et_pb_row][et_pb_row _builder_version=&#8221;4.7.4&#8243; _module_preset=&#8221;default&#8221;][et_pb_column type=&#8221;4_4&#8243; _builder_version=&#8221;4.7.4&#8243; _module_preset=&#8221;default&#8221;][et_pb_code _builder_version=&#8221;4.7.4&#8243; _module_preset=&#8221;default&#8221;][\/et_pb_code][\/et_pb_column][\/et_pb_row][et_pb_row _builder_version=&#8221;4.7.4&#8243; _module_preset=&#8221;default&#8221;][et_pb_column type=&#8221;4_4&#8243; _builder_version=&#8221;4.7.4&#8243; _module_preset=&#8221;default&#8221;][et_pb_text _builder_version=&#8221;4.7.4&#8243; _module_preset=&#8221;default&#8221; header_font=&#8221;Montserrat|700|||||||&#8221;] IZBIRA BARV [\/et_pb_text][et_pb_image src=&#8221;https:\/\/zascitazaprste.opa-resitve.si\/wp-content\/uploads\/2021\/07\/usnje_barve.png&#8221; title_text=&#8221;usnje_barve&#8221; _builder_version=&#8221;4.7.4&#8243; _module_preset=&#8221;default&#8221; hover_enabled=&#8221;0&#8243; sticky_enabled=&#8221;0&#8243;][\/et_pb_image][\/et_pb_column][\/et_pb_row][\/et_pb_section]<\/p>\n","protected":false},"author":1,"featured_media":0,"parent":0,"menu_order":0,"comment_status":"closed","ping_status":"closed","template":"","meta":{"_et_pb_use_builder":"on","_et_pb_old_content":"","_et_gb_content_width":"1080","footnotes":""},"class_list":["post-11","page","type-page","status-publish","hentry"],"_links":{"self":[{"href":"https:\/\/zascitazaprste.opa-resitve.si\/index.php?rest_route=\/wp\/v2\/pages\/11","targetHints":{"allow":["GET"]}}],"collection":[{"href":"https:\/\/zascitazaprste.opa-resitve.si\/index.php?rest_route=\/wp\/v2\/pages"}],"about":[{"href":"https:\/\/zascitazaprste.opa-resitve.si\/index.php?rest_route=\/wp\/v2\/types\/page"}],"author":[{"embeddable":true,"href":"https:\/\/zascitazaprste.opa-resitve.si\/index.php?rest_route=\/wp\/v2\/users\/1"}],"replies":[{"embeddable":true,"href":"https:\/\/zascitazaprste.opa-resitve.si\/index.php?rest_route=%2Fwp%2Fv2%2Fcomments&post=11"}],"version-history":[{"count":18,"href":"https:\/\/zascitazaprste.opa-resitve.si\/index.php?rest_route=\/wp\/v2\/pages\/11\/revisions"}],"predecessor-version":[{"id":309,"href":"https:\/\/zascitazaprste.opa-resitve.si\/index.php?rest_route=\/wp\/v2\/pages\/11\/revisions\/309"}],"wp:attachment":[{"href":"https:\/\/zascitazaprste.opa-resitve.si\/index.php?rest_route=%2Fwp%2Fv2%2Fmedia&parent=11"}],"curies":[{"name":"wp","href":"https:\/\/api.w.org\/{rel}","templated":true}]}}